{"id":11338725,"date":"2024-01-25T09:50:25","date_gmt":"2024-01-25T09:50:25","guid":{"rendered":"http:\/\/dentognostics.com\/?page_id=11338725"},"modified":"2025-03-25T10:18:16","modified_gmt":"2025-03-25T10:18:16","slug":"impressum-2","status":"publish","type":"page","link":"https:\/\/dentognostics.de\/en\/impressum-2\/","title":{"rendered":"Imprint"},"content":{"rendered":"<p>[et_pb_section fb_built=&#8221;1&#8243; admin_label=&#8221;Hero Section&#8221; _builder_version=&#8221;4.24.2&#8243; _module_preset=&#8221;default&#8221; background_color=&#8221;#071018&#8243; custom_padding=&#8221;30px||0px||false|false&#8221; locked=&#8221;off&#8221; global_colors_info=&#8221;{}&#8221;][et_pb_row _builder_version=&#8221;4.24.2&#8243; _module_preset=&#8221;default&#8221; width_tablet=&#8221;90%&#8221; width_phone=&#8221;90%&#8221; width_last_edited=&#8221;on|tablet&#8221; custom_margin=&#8221;||30px||false|false&#8221; custom_margin_tablet=&#8221;||30px||false|false&#8221; custom_margin_phone=&#8221;||0px||false|false&#8221; custom_margin_last_edited=&#8221;on|phone&#8221; global_colors_info=&#8221;{}&#8221;][et_pb_column type=&#8221;4_4&#8243; _builder_version=&#8221;4.24.2&#8243; _module_preset=&#8221;default&#8221; global_colors_info=&#8221;{}&#8221;][dipi_dual_heading first_heading=&#8221;Impressum&#8221; heading_tag=&#8221;h1&#8243; heading_display=&#8221;column&#8221; sh_padding=&#8221;20px|3px|0px|9px|false|false&#8221; heading_display_tablet=&#8221;&#8221; heading_display_phone=&#8221;column&#8221; heading_display_last_edited=&#8221;on|phone&#8221; fh_padding_tablet=&#8221;&#8221; fh_padding_phone=&#8221;0px|0px|10px|0px|false|false&#8221; fh_padding_last_edited=&#8221;on|phone&#8221; sh_padding_tablet=&#8221;20px|3px|0px|9px|false|false&#8221; sh_padding_phone=&#8221;0px|8px||8px|false|true&#8221; sh_padding_last_edited=&#8221;on|phone&#8221; _builder_version=&#8221;4.27.4&#8243; _module_preset=&#8221;default&#8221; first_heading_font=&#8221;Gilroy Semibold||||||||&#8221; first_heading_text_color=&#8221;#FFFFFF&#8221; first_heading_font_size=&#8221;80px&#8221; second_heading_font=&#8221;Poppins Medium||||||||&#8221; second_heading_text_align=&#8221;left&#8221; second_heading_text_color=&#8221;#FFFFFF&#8221; custom_margin=&#8221;||-10px||false|false&#8221; first_heading_font_size_tablet=&#8221;60px&#8221; first_heading_font_size_phone=&#8221;40px&#8221; first_heading_font_size_last_edited=&#8221;on|tablet&#8221; first_heading_letter_spacing_tablet=&#8221;-3px&#8221; first_heading_letter_spacing_phone=&#8221;-1.5px&#8221; first_heading_letter_spacing_last_edited=&#8221;off|phone&#8221; second_heading_font_size_tablet=&#8221;16px&#8221; second_heading_font_size_phone=&#8221;0px&#8221; second_heading_font_size_last_edited=&#8221;on|tablet&#8221; custom_css_free_form=&#8221;.dipi-dh-second-heading{||  width:200px;||}&#8221; global_colors_info=&#8221;{}&#8221;][\/dipi_dual_heading][\/et_pb_column][\/et_pb_row][et_pb_row column_structure=&#8221;1_2,1_2&#8243; use_custom_gutter=&#8221;on&#8221; gutter_width=&#8221;1&#8243; custom_padding_last_edited=&#8221;on|tablet&#8221; _builder_version=&#8221;4.24.2&#8243; _module_preset=&#8221;default&#8221; custom_padding=&#8221;20px||20px||true|false&#8221; custom_padding_tablet=&#8221;20px||0px||false|false&#8221; custom_padding_phone=&#8221;20px||0px||false|false&#8221; global_colors_info=&#8221;{}&#8221;][et_pb_column type=&#8221;1_2&#8243; _builder_version=&#8221;4.24.2&#8243; _module_preset=&#8221;default&#8221; global_colors_info=&#8221;{}&#8221; custom_css_main_element_last_edited=&#8221;on|tablet&#8221; custom_css_main_element_tablet=&#8221;max-width:70% !important;&#8221; custom_css_main_element_phone=&#8221;max-width:100%;&#8221;][dipi_breadcrumbs bc_separator_icon=&#8221;&#x35;||divi||400&#8243; bc_separator_color=&#8221;#FFFFFF&#8221; bc_items_alignment_tablet=&#8221;&#8221; bc_items_alignment_phone=&#8221;dipi-bc-center&#8221; bc_items_alignment_last_edited=&#8221;on|phone&#8221; _builder_version=&#8221;4.27.4&#8243; _module_preset=&#8221;default&#8221; items_font=&#8221;Gilroy Semibold||||||||&#8221; items_text_color=&#8221;#FFFFFF&#8221; items_font_size=&#8221;16px&#8221; active_text_color=&#8221;#FFFFFF&#8221; global_colors_info=&#8221;{}&#8221;][\/dipi_breadcrumbs][\/et_pb_column][et_pb_column type=&#8221;1_2&#8243; _builder_version=&#8221;4.24.2&#8243; _module_preset=&#8221;default&#8221; global_colors_info=&#8221;{}&#8221; custom_css_main_element_last_edited=&#8221;on|phone&#8221; custom_css_main_element_tablet=&#8221;max-width:30% !important;&#8221; custom_css_main_element_phone=&#8221;max-width:100%;&#8221;][et_pb_blurb title=&#8221;Zum Impressum&#8221; use_icon=&#8221;on&#8221; font_icon=&#8221;&#x33;||divi||400&#8243; icon_color=&#8221;#FFFFFF&#8221; icon_placement=&#8221;left&#8221; image_icon_width=&#8221;25px&#8221; image_icon_width_tablet=&#8221;25px&#8221; image_icon_width_phone=&#8221;0px&#8221; image_icon_width_last_edited=&#8221;on|phone&#8221; disabled_on=&#8221;on|on|off&#8221; _builder_version=&#8221;4.27.4&#8243; _module_preset=&#8221;default&#8221; header_font=&#8221;Gilroy Semibold||||||||&#8221; header_text_color=&#8221;#FFFFFF&#8221; header_font_size=&#8221;16px&#8221; image_icon_custom_padding=&#8221;0px|0px|0px|0px|true|true&#8221; max_width=&#8221;250px&#8221; max_width_tablet=&#8221;250px&#8221; max_width_phone=&#8221;250px&#8221; max_width_last_edited=&#8221;on|phone&#8221; module_alignment=&#8221;right&#8221; link_option_url=&#8221;#dp-scroll&#8221; hover_enabled=&#8221;0&#8243; header_text_align_tablet=&#8221;&#8221; header_text_align_phone=&#8221;center&#8221; header_text_align_last_edited=&#8221;on|phone&#8221; header_font_size_tablet=&#8221;14px&#8221; header_font_size_phone=&#8221;12px&#8221; header_font_size_last_edited=&#8221;off|phone&#8221; text_orientation_tablet=&#8221;&#8221; text_orientation_phone=&#8221;left&#8221; text_orientation_last_edited=&#8221;on|phone&#8221; module_alignment_tablet=&#8221;right&#8221; module_alignment_phone=&#8221;center&#8221; module_alignment_last_edited=&#8221;on|phone&#8221; custom_css_blurb_title=&#8221;margin-top: 5px;||margin-left: -14px;&#8221; global_colors_info=&#8221;{}&#8221; sticky_enabled=&#8221;0&#8243;][\/et_pb_blurb][\/et_pb_column][\/et_pb_row][\/et_pb_section][et_pb_section fb_built=&#8221;1&#8243; _builder_version=&#8221;4.24.0&#8243; _module_preset=&#8221;default&#8221; global_colors_info=&#8221;{}&#8221;][et_pb_row _builder_version=&#8221;4.24.0&#8243; _module_preset=&#8221;default&#8221; global_colors_info=&#8221;{}&#8221;][et_pb_column type=&#8221;4_4&#8243; _builder_version=&#8221;4.24.0&#8243; _module_preset=&#8221;default&#8221; global_colors_info=&#8221;{}&#8221;][et_pb_text _builder_version=&#8221;4.27.4&#8243; _module_preset=&#8221;default&#8221; text_font=&#8221;Gilroy Medium||||||||&#8221; text_font_size=&#8221;16px&#8221; link_font=&#8221;Gilroy Medium||||||||&#8221; link_text_color=&#8221;#6f4964&#8243; header_2_text_color=&#8221;#6f4964&#8243; header_2_font_size=&#8221;31px&#8221; header_4_text_color=&#8221;#6F6E6E&#8221; max_width=&#8221;1250px&#8221; module_alignment=&#8221;center&#8221; text_font_size_phone=&#8221;15px&#8221; text_font_size_last_edited=&#8221;off|desktop&#8221; text_line_height_tablet=&#8221;&#8221; text_line_height_phone=&#8221;1.7em&#8221; text_line_height_last_edited=&#8221;on|phone&#8221; header_2_font_size_tablet=&#8221;40px&#8221; header_2_font_size_phone=&#8221;32px&#8221; header_2_font_size_last_edited=&#8221;on|phone&#8221; locked=&#8221;off&#8221; global_colors_info=&#8221;{}&#8221;]<\/p>\n<p><span><span class=\"ui-provider a b c d e f g h i j k l m n o p q r s t u v w x y z ab ac ae af ag ah ai aj ak\" dir=\"ltr\"><strong>Angaben gem\u00e4\u00df \u00a7 5 DDG:<\/strong><\/span><\/span><br \/>dentognostics GmbH<br \/>Ober der M\u00fchle 39<br \/>D-42699 Solingen<\/p>\n<p><strong>Kontakt:<\/strong><br \/>Telefon: +49 212 645 747 9-0<br \/>Fax: +49 212 645 747 9-10<br \/>E-Mail: <a href=\"mailto:info@dentognostics.de\">info@dentognostics.de<\/a><\/p>\n<p><strong>Vertretungsberechtigte Gesch\u00e4ftsf\u00fchrer:<\/strong><br \/>Dr. rer. nat. Peter Nikolai M\u00f6ller, Sebastian Holuk<\/p>\n<p><strong>Sitz:<\/strong> Solingen<br \/><strong>Registergericht:<\/strong> Amtsgericht Wuppertal, <strong>HRB-Nr.<\/strong> 30519<br \/><strong>USt-IdNr.:<\/strong> Umsatzsteuer-Identifikationsnummer gem\u00e4\u00df \u00a7 27a Umsatzsteuergesetz DE DE212708330<br \/><strong>EKSt-Nr.:<\/strong> 162\/107\/02729<br \/><strong>Betriebsnummer:<\/strong> 07418641<\/p>\n<p><strong>Inhalt:<\/strong><br \/>Verantwortlich f\u00fcr den Inhalt nach \u00a7 18 Abs. 2 MStV:<br \/>Dr. rer. nat. Peter Nikolai M\u00f6ller<\/p>\n<p><strong>Online-Streitbeilegung gem\u00e4\u00df Art. 14 Abs. 1 ODR-Verordnung und \u00a7 36 VSBG:<\/strong><br \/>Die Europ\u00e4ische Kommission stellt eine Plattform zur Online-Streitbeilegung (OS) bereit: <a href=\"https:\/\/ec.europa.eu\/consumers\/odr\">https:\/\/ec.europa.eu\/consumers\/odr<\/a>.<\/p>\n<p>Unsere E-Mail-Adresse finden Sie oben im Impressum.<br \/>Wir sind nicht bereit oder verpflichtet, an Streitbeilegungsverfahren vor einer Verbraucherschlichtungsstelle teilzunehmen.<\/p>\n<h4><strong>Weitere rechtliche Hinweise<\/strong><\/h4>\n<p><strong>Haftung f\u00fcr Inhalte<\/strong><br \/>Als Diensteanbieter sind wir gem\u00e4\u00df \u00a7 7 Abs.1 DDG f\u00fcr eigene Inhalte auf dieser Website nach den allgemeinen Gesetzen verantwortlich. Nach \u00a7\u00a7 8 bis 10 DDG sind wir als Diensteanbieter jedoch nicht verpflichtet, \u00fcbermittelte oder gespeicherte fremde Informationen zu \u00fcberwachen oder nach Umst\u00e4nden zu forschen, die auf eine rechtswidrige T\u00e4tigkeit hinweisen.<\/p>\n<p>Die Verpflichtungen zur Entfernung oder Sperrung der Nutzung von Informationen nach den allgemeinen Gesetzen bleiben hiervon unber\u00fchrt. Eine diesbez\u00fcgliche Haftung ist jedoch grunds\u00e4tzlich erst ab dem Zeitpunkt der Kenntnis einer konkreten Rechtsverletzung m\u00f6glich. Bei Bekanntwerden von entsprechenden Rechtverletzungen werden wir diese Inhalte umgehend entfernen oder entsprechend anpassen.<\/p>\n<p><strong>Haftung f\u00fcr Links<\/strong><br \/>Unsere Website enth\u00e4lt Links zu externen Websites Dritter, auf deren Inhalte wir keinen Einfluss haben. Deshalb k\u00f6nnen wir f\u00fcr diese fremden Inhalte auch keine Gew\u00e4hrleistung \u00fcbernehmen. F\u00fcr die Inhalte der verlinkten Websites ist stets der jeweilige Anbieter oder Websitebetreiber verantwortlich. Die von uns verlinkten Websites wurden zum Zeitpunkt der Verlinkung auf m\u00f6gliche Rechtsverst\u00f6\u00dfe \u00fcberpr\u00fcft. Rechtswidrige Inhalte waren zum Zeitpunkt der Verlinkung nicht erkennbar.<\/p>\n<p>Eine permanente inhaltliche Kontrolle der verlinkten Websites ist jedoch ohne konkrete Anhaltspunkte einer Rechtsverletzung nicht zumutbar. Daher weisen wir daraufhin, dass der Besuch von verlinkten Websites grunds\u00e4tzlich auf eigene Verantwortung geschieht. Bei Bekanntwerden von Rechtsverletzungen werden wir hiervon betroffene Links umgehend entfernen.<\/p>\n<p><strong>Urheberrecht<\/strong><br \/>S\u00e4mtliche durch den Seitenbetreiber erstellten Inhalte und Werke auf dieser Website unterliegen dem deutschen Urheberrecht. Die Vervielf\u00e4ltigung, Bearbeitung, Verbreitung und jede Art der Verwertung au\u00dferhalb der Grenzen des Urheberrechtes bed\u00fcrfen der schriftlichen Zustimmung des jeweiligen Autors bzw. Erstellers. Downloads und Kopien dieser Website sowie einzelner Inhalte sind nur f\u00fcr den privaten, nicht kommerziellen Gebrauch gestattet.<\/p>\n<p>Soweit die Inhalte auf dieser Website nicht vom Betreiber erstellt wurden, werden die Urheberrechte Dritter entsprechend beachtet. Insbesondere werden Inhalte Dritter je nach Umfang der erworbenen oder anderweitig gew\u00e4hrten Nutzungsrechte als solche gekennzeichnet. Sollten Sie dennoch auf eine Urheberrechtsverletzung oder ungenaue Kennzeichnung aufmerksam werden, bitten wir um einen entsprechenden Hinweis. Bei Bekanntwerden von Rechtsverletzungen werden wir derartige Inhalte umgehend entfernen oder die Kennzeichnung entsprechend anpassen.<\/p>\n<p><strong>Datenschutz<\/strong><br \/>Sie k\u00f6nnen unsere Website grunds\u00e4tzlich ohne Angabe personenbezogener Daten nutzen. Sofern auf unserer Website personenbezogene Daten (wie Name, Anschrift oder E-Mail-Adresse oder mithilfe von Cookies erhobene Nutzungsdaten) verarbeitet werden, erfolgt diese grunds\u00e4tzlich immer erst nach Ihrer freiwilligen und jederzeit widerrufbaren Einwilligung. Die personenbezogenen Daten werden nicht ohne Ihre ausdr\u00fcckliche Einwilligung an Dritte weitergegeben. Wir weisen darauf hin, dass die Daten\u00fcbertragung im Internet (z.B. bei der Kommunikation per E-Mail) Sicherheitsl\u00fccken aufweisen kann. Soweit m\u00f6glich und angemessen haben wir insbesondere angemessene technische und organisatorische Ma\u00dfnahmen zum Schutz Ihrer Daten vor unberechtigtem Zugriff umgesetzt.<\/p>\n<p>Hiermit widersprechen wir ausdr\u00fccklich jeglicher Nutzung von im Rahmen der Impressumspflicht ver\u00f6ffentlichten Kontaktdaten durch Dritte zur \u00dcbermittlung von nicht angeforderter Werbung oder sonstigen Informationsmaterialien. Wir als Websitebetreiber halten uns im Falle der ungew\u00fcnschten Zusendung von Werbeinformationen, etwa mittels Spam-Mails, rechtliche Schritte vor.<\/p>\n<p>Weitere Informationen zum Datenschutz finden Sie in unserer Datenschutzerkl\u00e4rung.<\/p>\n<p>[\/et_pb_text][\/et_pb_column][\/et_pb_row][\/et_pb_section]<\/p>\n","protected":false},"excerpt":{"rendered":"<p><div class=\"et_pb_module dipi_dual_heading dipi_dual_heading_0\">\n\t\t\t\t\n\t\t\t\t\n\t\t\t\t\n\t\t\t\t\n\t\t\t\t\n\t\t\t\t\n\t\t\t\t<div class=\"et_pb_module_inner\">\n\t\t\t\t\t\n                <div class=\"dipi-dual-heading \">\n                    <h1 class=\"dipi-dh-main\">\n                        <span class=\"dipi-dh-first-heading\">\n                            <span class=\"dipi-dh-animation-container\">\n                                <span class=\"dipi-dh-bg-container\">\n                                    Impressum\n                                <\/span>\n                            <\/span>\n                        <\/span>\n                        <span class=\"dipi-dh-second-heading\">\n                            <span class=\"dipi-dh-animation-container\">\n                                <span class=\"dipi-dh-bg-container\">\n                                    \n                                <\/span>\n                            <\/span>\n                        <\/span>\n                    <\/h1>\n                <\/div>\n\t\t\t\t<\/div>\n\t\t\t<\/div><div class=\"et_pb_module dipi_breadcrumbs dipi_breadcrumbs_0\">\n\t\t\t\t\n\t\t\t\t\n\t\t\t\t\n\t\t\t\t\n\t\t\t\t\n\t\t\t\t\n\t\t\t\t<div class=\"et_pb_module_inner\">\n\t\t\t\t\t<div class=\"dipi-breadcrumbs dipi-bc-left\">\n                <ul >\n                    \n                                                        <li  class=\"dipi-breadcrumb-item dipi-breadcrumb-home\">\n\n                                                    <a  href=\"https:\/\/dentognostics.de\/en\">\n                                <span  content=\"Home\">\n                                                                        dentognostics                                <\/span>\n                            <\/a>\n\n                                                <meta itemprop=\"position\" content=\"1\"\/>                    <\/li>\n\n                    <li class=\"dipi-breadcrumb-separator\">\n                    <span class=\"et-pb-icon dipi-separator-icon\">&#x35;<\/span>\n                <\/li>                            \n                <\/ul>\n            <\/div>\n\t\t\t\t<\/div>\n\t\t\t<\/div>Angaben gem\u00e4\u00df \u00a7 5 DDG:dentognostics GmbHOber [&hellip;]<\/p>\n","protected":false},"author":15,"featured_media":0,"parent":0,"menu_order":0,"comment_status":"closed","ping_status":"closed","template":"","meta":{"_et_pb_use_builder":"on","_et_pb_old_content":"","_et_gb_content_width":"","content-type":"","footnotes":""},"dipi_cpt_category":[],"class_list":["post-11338725","page","type-page","status-publish","hentry"],"yoast_head":"<!-- This site is optimized with the Yoast SEO plugin v27.4 - https:\/\/yoast.com\/product\/yoast-seo-wordpress\/ -->\n<title>Impressum - dentognostics<\/title>\n<meta name=\"robots\" content=\"index, follow, max-snippet:-1, max-image-preview:large, max-video-preview:-1\" \/>\n<link rel=\"canonical\" href=\"https:\/\/dentognostics.de\/en\/impressum-2\/\" \/>\n<meta property=\"og:locale\" content=\"en_GB\" \/>\n<meta property=\"og:type\" content=\"article\" \/>\n<meta property=\"og:title\" content=\"Impressum - dentognostics\" \/>\n<meta property=\"og:description\" content=\"Angaben gem\u00e4\u00df \u00a7 5 DDG:dentognostics GmbHOber [&hellip;]\" \/>\n<meta property=\"og:url\" content=\"https:\/\/dentognostics.de\/en\/impressum-2\/\" \/>\n<meta property=\"og:site_name\" content=\"dentognostics\" \/>\n<meta property=\"article:modified_time\" content=\"2025-03-25T10:18:16+00:00\" \/>\n<meta name=\"twitter:card\" content=\"summary_large_image\" \/>\n<script type=\"application\/ld+json\" class=\"yoast-schema-graph\">{\"@context\":\"https:\\\/\\\/schema.org\",\"@graph\":[{\"@type\":\"WebPage\",\"@id\":\"https:\\\/\\\/dentognostics.de\\\/impressum-2\\\/\",\"url\":\"https:\\\/\\\/dentognostics.de\\\/impressum-2\\\/\",\"name\":\"Impressum - dentognostics\",\"isPartOf\":{\"@id\":\"https:\\\/\\\/dentognostics.de\\\/#website\"},\"datePublished\":\"2024-01-25T09:50:25+00:00\",\"dateModified\":\"2025-03-25T10:18:16+00:00\",\"breadcrumb\":{\"@id\":\"https:\\\/\\\/dentognostics.de\\\/impressum-2\\\/#breadcrumb\"},\"inLanguage\":\"en-GB\",\"potentialAction\":[{\"@type\":\"ReadAction\",\"target\":[\"https:\\\/\\\/dentognostics.de\\\/impressum-2\\\/\"]}]},{\"@type\":\"BreadcrumbList\",\"@id\":\"https:\\\/\\\/dentognostics.de\\\/impressum-2\\\/#breadcrumb\",\"itemListElement\":[{\"@type\":\"ListItem\",\"position\":1,\"name\":\"Startseite\",\"item\":\"https:\\\/\\\/dentognostics.de\\\/\"},{\"@type\":\"ListItem\",\"position\":2,\"name\":\"Impressum\"}]},{\"@type\":\"WebSite\",\"@id\":\"https:\\\/\\\/dentognostics.de\\\/#website\",\"url\":\"https:\\\/\\\/dentognostics.de\\\/\",\"name\":\"dentognostics\",\"description\":\"Die L\u00f6sung f\u00fcr Mundgesundheit\",\"potentialAction\":[{\"@type\":\"SearchAction\",\"target\":{\"@type\":\"EntryPoint\",\"urlTemplate\":\"https:\\\/\\\/dentognostics.de\\\/?s={search_term_string}\"},\"query-input\":{\"@type\":\"PropertyValueSpecification\",\"valueRequired\":true,\"valueName\":\"search_term_string\"}}],\"inLanguage\":\"en-GB\"}]}<\/script>\n<!-- \/ Yoast SEO plugin. -->","yoast_head_json":{"title":"Impressum - dentognostics","robots":{"index":"index","follow":"follow","max-snippet":"max-snippet:-1","max-image-preview":"max-image-preview:large","max-video-preview":"max-video-preview:-1"},"canonical":"https:\/\/dentognostics.de\/en\/impressum-2\/","og_locale":"en_GB","og_type":"article","og_title":"Impressum - dentognostics","og_description":"Angaben gem\u00e4\u00df \u00a7 5 DDG:dentognostics GmbHOber [&hellip;]","og_url":"https:\/\/dentognostics.de\/en\/impressum-2\/","og_site_name":"dentognostics","article_modified_time":"2025-03-25T10:18:16+00:00","twitter_card":"summary_large_image","schema":{"@context":"https:\/\/schema.org","@graph":[{"@type":"WebPage","@id":"https:\/\/dentognostics.de\/impressum-2\/","url":"https:\/\/dentognostics.de\/impressum-2\/","name":"Impressum - dentognostics","isPartOf":{"@id":"https:\/\/dentognostics.de\/#website"},"datePublished":"2024-01-25T09:50:25+00:00","dateModified":"2025-03-25T10:18:16+00:00","breadcrumb":{"@id":"https:\/\/dentognostics.de\/impressum-2\/#breadcrumb"},"inLanguage":"en-GB","potentialAction":[{"@type":"ReadAction","target":["https:\/\/dentognostics.de\/impressum-2\/"]}]},{"@type":"BreadcrumbList","@id":"https:\/\/dentognostics.de\/impressum-2\/#breadcrumb","itemListElement":[{"@type":"ListItem","position":1,"name":"Startseite","item":"https:\/\/dentognostics.de\/"},{"@type":"ListItem","position":2,"name":"Impressum"}]},{"@type":"WebSite","@id":"https:\/\/dentognostics.de\/#website","url":"https:\/\/dentognostics.de\/","name":"dentognostics","description":"Die L\u00f6sung f\u00fcr Mundgesundheit","potentialAction":[{"@type":"SearchAction","target":{"@type":"EntryPoint","urlTemplate":"https:\/\/dentognostics.de\/?s={search_term_string}"},"query-input":{"@type":"PropertyValueSpecification","valueRequired":true,"valueName":"search_term_string"}}],"inLanguage":"en-GB"}]}},"_links":{"self":[{"href":"https:\/\/dentognostics.de\/en\/wp-json\/wp\/v2\/pages\/11338725","targetHints":{"allow":["GET"]}}],"collection":[{"href":"https:\/\/dentognostics.de\/en\/wp-json\/wp\/v2\/pages"}],"about":[{"href":"https:\/\/dentognostics.de\/en\/wp-json\/wp\/v2\/types\/page"}],"author":[{"embeddable":true,"href":"https:\/\/dentognostics.de\/en\/wp-json\/wp\/v2\/users\/15"}],"replies":[{"embeddable":true,"href":"https:\/\/dentognostics.de\/en\/wp-json\/wp\/v2\/comments?post=11338725"}],"version-history":[{"count":0,"href":"https:\/\/dentognostics.de\/en\/wp-json\/wp\/v2\/pages\/11338725\/revisions"}],"wp:attachment":[{"href":"https:\/\/dentognostics.de\/en\/wp-json\/wp\/v2\/media?parent=11338725"}],"wp:term":[{"taxonomy":"dipi_cpt_category","embeddable":true,"href":"https:\/\/dentognostics.de\/en\/wp-json\/wp\/v2\/dipi_cpt_category?post=11338725"}],"curies":[{"name":"wp","href":"https:\/\/api.w.org\/{rel}","templated":true}]}}